{"id":2727,"date":"2025-03-18T11:53:24","date_gmt":"2025-03-18T10:53:24","guid":{"rendered":"https:\/\/www.amisdeleuro.org\/?post_type=product&#038;p=2727"},"modified":"2025-04-08T11:10:10","modified_gmt":"2025-04-08T10:10:10","slug":"adhesion-vie","status":"publish","type":"product","link":"https:\/\/www.amisdeleuro.org\/pt\/produto\/adhesion-vie\/","title":{"rendered":"Inscri\u00e7\u00e3o vital\u00edcia"},"content":{"rendered":"<p>Pode aderir \u00e0 AD\u20ac para toda a vida. A quota vital\u00edcia \u00e9 de 225 euros. Receber\u00e1 uma notifica\u00e7\u00e3o escrita da sua ades\u00e3o vital\u00edcia no prazo de um m\u00eas. Se a associa\u00e7\u00e3o for dissolvida menos de quinze anos ap\u00f3s a sua \"ades\u00e3o vital\u00edcia\", ser-lhe-\u00e1 reembolsada a diferen\u00e7a entre o custo da renova\u00e7\u00e3o da sua ades\u00e3o anual e o custo da sua \"ades\u00e3o vital\u00edcia\".<\/p>","protected":false},"excerpt":{"rendered":"<p>Pode aderir \u00e0 AD\u20ac para toda a vida. A quota vital\u00edcia \u00e9 de 225 euros. Receber\u00e1 uma notifica\u00e7\u00e3o escrita da sua ades\u00e3o vital\u00edcia no prazo de um m\u00eas. Se a associa\u00e7\u00e3o for dissolvida menos de quinze anos ap\u00f3s a sua \"ades\u00e3o vital\u00edcia\", ser-lhe-\u00e1 reembolsada a diferen\u00e7a entre o custo da renova\u00e7\u00e3o da sua ades\u00e3o anual e o custo da sua \"ades\u00e3o vital\u00edcia\".<\/p>","protected":false},"featured_media":331,"template":"","meta":{"_acf_changed":false,"pmpro_default_level":""},"product_brand":[],"product_cat":[2296],"product_tag":[],"class_list":{"0":"post-2727","1":"product","2":"type-product","3":"status-publish","4":"has-post-thumbnail","6":"product_cat-adhesion-a-vie","7":"pmpro-has-access","9":"first","10":"instock","11":"virtual","12":"sold-individually","13":"purchasable","14":"product-type-simple"},"acf":[],"_links":{"self":[{"href":"https:\/\/www.amisdeleuro.org\/pt\/wp-json\/wp\/v2\/product\/2727","targetHints":{"allow":["GET"]}}],"collection":[{"href":"https:\/\/www.amisdeleuro.org\/pt\/wp-json\/wp\/v2\/product"}],"about":[{"href":"https:\/\/www.amisdeleuro.org\/pt\/wp-json\/wp\/v2\/types\/product"}],"wp:featuredmedia":[{"embeddable":true,"href":"https:\/\/www.amisdeleuro.org\/pt\/wp-json\/wp\/v2\/media\/331"}],"wp:attachment":[{"href":"https:\/\/www.amisdeleuro.org\/pt\/wp-json\/wp\/v2\/media?parent=2727"}],"wp:term":[{"taxonomy":"product_brand","embeddable":true,"href":"https:\/\/www.amisdeleuro.org\/pt\/wp-json\/wp\/v2\/product_brand?post=2727"},{"taxonomy":"product_cat","embeddable":true,"href":"https:\/\/www.amisdeleuro.org\/pt\/wp-json\/wp\/v2\/product_cat?post=2727"},{"taxonomy":"product_tag","embeddable":true,"href":"https:\/\/www.amisdeleuro.org\/pt\/wp-json\/wp\/v2\/product_tag?post=2727"}],"curies":[{"name":"wp","href":"https:\/\/api.w.org\/{rel}","templated":true}]}}