{"id":2727,"date":"2025-03-18T11:53:24","date_gmt":"2025-03-18T10:53:24","guid":{"rendered":"https:\/\/www.amisdeleuro.org\/?post_type=product&#038;p=2727"},"modified":"2025-04-08T11:10:10","modified_gmt":"2025-04-08T10:10:10","slug":"adhesion-vie","status":"publish","type":"product","link":"https:\/\/www.amisdeleuro.org\/en\/product\/adhesion-vie\/","title":{"rendered":"Adh\u00e9sion \u00e0 vie"},"content":{"rendered":"<p>Vous avez la possibilit\u00e9 d&rsquo;adh\u00e9rer \u00ab\u00a0\u00e0 vie\u00a0\u00bb aux AD\u20ac. La cotisation \u00e0 vie est fix\u00e9e \u00e0 225 euros. Vous recevrez une notification \u00e9crite sous un mois reconnaissant votre adh\u00e9sion \u00e0 vie. Si l&rsquo;association venait \u00e0 \u00eatre dissoute moins de quinze ans apr\u00e8s votre \u00ab\u00a0adh\u00e9sion \u00e0 vie\u00a0\u00bb, vous serez rembours\u00e9 de la diff\u00e9rence entre ce que vous aurait co\u00fbt\u00e9 un renouvellement de cotisation \u00e0 l&rsquo;ann\u00e9e et le prix de votre cotisation d&rsquo; \u00ab\u00a0adh\u00e9rent \u00e0 vie\u00a0\u00bb.<\/p>","protected":false},"excerpt":{"rendered":"<p>Vous avez la possibilit\u00e9 d&rsquo;adh\u00e9rer \u00ab\u00a0\u00e0 vie\u00a0\u00bb aux AD\u20ac. La cotisation \u00e0 vie est fix\u00e9e \u00e0 225 euros. Vous recevrez une notification \u00e9crite sous un mois reconnaissant votre adh\u00e9sion \u00e0 vie. Si l&rsquo;association venait \u00e0 \u00eatre dissoute moins de quinze ans apr\u00e8s votre \u00ab\u00a0adh\u00e9sion \u00e0 vie\u00a0\u00bb, vous serez rembours\u00e9 de la diff\u00e9rence entre ce que vous aurait co\u00fbt\u00e9 un renouvellement de cotisation \u00e0 l&rsquo;ann\u00e9e et le prix de votre cotisation d&rsquo; \u00ab\u00a0adh\u00e9rent \u00e0 vie\u00a0\u00bb.<\/p>","protected":false},"featured_media":331,"template":"","meta":{"_acf_changed":false,"pmpro_default_level":""},"product_brand":[],"product_cat":[2296],"product_tag":[],"class_list":{"0":"post-2727","1":"product","2":"type-product","3":"status-publish","4":"has-post-thumbnail","6":"product_cat-adhesion-a-vie","7":"pmpro-has-access","9":"first","10":"instock","11":"virtual","12":"sold-individually","13":"purchasable","14":"product-type-simple"},"acf":[],"_links":{"self":[{"href":"https:\/\/www.amisdeleuro.org\/en\/wp-json\/wp\/v2\/product\/2727","targetHints":{"allow":["GET"]}}],"collection":[{"href":"https:\/\/www.amisdeleuro.org\/en\/wp-json\/wp\/v2\/product"}],"about":[{"href":"https:\/\/www.amisdeleuro.org\/en\/wp-json\/wp\/v2\/types\/product"}],"wp:featuredmedia":[{"embeddable":true,"href":"https:\/\/www.amisdeleuro.org\/en\/wp-json\/wp\/v2\/media\/331"}],"wp:attachment":[{"href":"https:\/\/www.amisdeleuro.org\/en\/wp-json\/wp\/v2\/media?parent=2727"}],"wp:term":[{"taxonomy":"product_brand","embeddable":true,"href":"https:\/\/www.amisdeleuro.org\/en\/wp-json\/wp\/v2\/product_brand?post=2727"},{"taxonomy":"product_cat","embeddable":true,"href":"https:\/\/www.amisdeleuro.org\/en\/wp-json\/wp\/v2\/product_cat?post=2727"},{"taxonomy":"product_tag","embeddable":true,"href":"https:\/\/www.amisdeleuro.org\/en\/wp-json\/wp\/v2\/product_tag?post=2727"}],"curies":[{"name":"wp","href":"https:\/\/api.w.org\/{rel}","templated":true}]}}