{"id":2727,"date":"2025-03-18T11:53:24","date_gmt":"2025-03-18T10:53:24","guid":{"rendered":"https:\/\/www.amisdeleuro.org\/?post_type=product&#038;p=2727"},"modified":"2025-04-08T11:10:10","modified_gmt":"2025-04-08T10:10:10","slug":"adhesion-vie","status":"publish","type":"product","link":"https:\/\/www.amisdeleuro.org\/de\/produkt\/adhesion-vie\/","title":{"rendered":"Lebenslange Mitgliedschaft"},"content":{"rendered":"<p>Sie haben die M\u00f6glichkeit, eine \"lebenslange\" Mitgliedschaft bei den AD\u20ac zu erwerben. Der Mitgliedsbeitrag auf Lebenszeit betr\u00e4gt 225 Euro. Sie erhalten innerhalb eines Monats eine schriftliche Mitteilung, in der Ihre lebenslange Mitgliedschaft anerkannt wird. Sollte der Verein weniger als f\u00fcnfzehn Jahre nach Ihrer \"lebenslangen Mitgliedschaft\" aufgel\u00f6st werden, wird Ihnen die Differenz zwischen den Kosten f\u00fcr eine j\u00e4hrliche Erneuerung des Mitgliedsbeitrags und dem Preis f\u00fcr Ihre \"lebenslange Mitgliedschaft\" erstattet.<\/p>","protected":false},"excerpt":{"rendered":"<p>Sie haben die M\u00f6glichkeit, eine \"lebenslange\" Mitgliedschaft bei den AD\u20ac zu erwerben. Der Mitgliedsbeitrag auf Lebenszeit betr\u00e4gt 225 Euro. Sie erhalten innerhalb eines Monats eine schriftliche Mitteilung, in der Ihre lebenslange Mitgliedschaft anerkannt wird. Sollte der Verein weniger als f\u00fcnfzehn Jahre nach Ihrer \"lebenslangen Mitgliedschaft\" aufgel\u00f6st werden, wird Ihnen die Differenz zwischen den Kosten f\u00fcr eine j\u00e4hrliche Erneuerung des Mitgliedsbeitrags und dem Preis f\u00fcr Ihre \"lebenslange Mitgliedschaft\" erstattet.<\/p>","protected":false},"featured_media":331,"template":"","meta":{"_acf_changed":false,"pmpro_default_level":""},"product_brand":[],"product_cat":[2296],"product_tag":[],"class_list":{"0":"post-2727","1":"product","2":"type-product","3":"status-publish","4":"has-post-thumbnail","6":"product_cat-adhesion-a-vie","7":"pmpro-has-access","9":"first","10":"instock","11":"virtual","12":"sold-individually","13":"purchasable","14":"product-type-simple"},"acf":[],"_links":{"self":[{"href":"https:\/\/www.amisdeleuro.org\/de\/wp-json\/wp\/v2\/product\/2727","targetHints":{"allow":["GET"]}}],"collection":[{"href":"https:\/\/www.amisdeleuro.org\/de\/wp-json\/wp\/v2\/product"}],"about":[{"href":"https:\/\/www.amisdeleuro.org\/de\/wp-json\/wp\/v2\/types\/product"}],"wp:featuredmedia":[{"embeddable":true,"href":"https:\/\/www.amisdeleuro.org\/de\/wp-json\/wp\/v2\/media\/331"}],"wp:attachment":[{"href":"https:\/\/www.amisdeleuro.org\/de\/wp-json\/wp\/v2\/media?parent=2727"}],"wp:term":[{"taxonomy":"product_brand","embeddable":true,"href":"https:\/\/www.amisdeleuro.org\/de\/wp-json\/wp\/v2\/product_brand?post=2727"},{"taxonomy":"product_cat","embeddable":true,"href":"https:\/\/www.amisdeleuro.org\/de\/wp-json\/wp\/v2\/product_cat?post=2727"},{"taxonomy":"product_tag","embeddable":true,"href":"https:\/\/www.amisdeleuro.org\/de\/wp-json\/wp\/v2\/product_tag?post=2727"}],"curies":[{"name":"wp","href":"https:\/\/api.w.org\/{rel}","templated":true}]}}